{"id":56,"date":"2014-10-22T04:14:39","date_gmt":"2014-10-22T04:14:39","guid":{"rendered":"https:\/\/asantelabs.com\/?page_id=56"},"modified":"2026-02-27T18:40:25","modified_gmt":"2026-02-27T18:40:25","slug":"ordering","status":"publish","type":"page","link":"https:\/\/asantelabs.com\/?page_id=56","title":{"rendered":"Purchase"},"content":{"rendered":"\t\t<div data-elementor-type=\"wp-page\" data-elementor-id=\"56\" class=\"elementor elementor-56\">\n\t\t\t\t\t\t<section class=\"elementor-section elementor-top-section elementor-element elementor-element-1474fc8 elementor-section-boxed elementor-section-height-default elementor-section-height-default\" data-id=\"1474fc8\" data-element_type=\"section\" data-e-type=\"section\">\n\t\t\t\t\t\t<div class=\"elementor-container elementor-column-gap-default\">\n\t\t\t\t\t<div class=\"elementor-column elementor-col-100 elementor-top-column elementor-element elementor-element-2fd680f5\" data-id=\"2fd680f5\" data-element_type=\"column\" data-e-type=\"column\">\n\t\t\t<div class=\"elementor-widget-wrap elementor-element-populated\">\n\t\t\t\t\t\t<div class=\"elementor-element elementor-element-fc89b74 elementor-widget elementor-widget-text-editor\" data-id=\"fc89b74\" data-element_type=\"widget\" data-e-type=\"widget\" data-widget_type=\"text-editor.default\">\n\t\t\t\t<div class=\"elementor-widget-container\">\n\t\t\t\t\t\t\t\t\t<p style=\"text-align: left;\"><span style=\"color: #c33720;\"><strong>Online Order:\u00a0 <\/strong><\/span>Please fill out the <a href=\"#orderform\">\u00e0Sant\u00e9 Order Form<\/a> below or contact an \u00e0Sant\u00e9 Labs representative at <a href=\"mailto:757.850.2935\">757.850.2935<\/a> or by email at <a href=\"mailto:kenrivas@asantelabs.com\">kenrivas@asantelabs.com <\/a>After submitting the <a href=\"#orderform\">\u00e0Sant\u00e9 Order Form<\/a>, you will be contacted to finalize the order and process the payment.<\/p>\n<p style=\"text-align: left;\"><strong><span style=\"color: #c33720;\">Local Distributor:\u00a0<\/span><\/strong> Order from a <a href=\"https:\/\/asantelabs.com\/?page_id=77\" target=\"_blank\" rel=\"noopener\">Distributor in your area.<\/a> Local Distributor retail pricing will apply. Owners contact us for wholesale pricing on large orders.<\/p>\n<p style=\"text-align: left;\"><strong><span style=\"color: #c33720;\">Beauticians:<\/span><\/strong> Inquire whether your beautician or a local Beauty Salon carries the product.\u00a0 Local retail pricing will apply.\u00a0 Owners contact us for wholesale pricing on large orders.<\/p>\n<p style=\"text-align: left;\"><span style=\"font-size: 1rem; color: #c33720;\"><strong>Methods of Payment:\u00a0 <\/strong><\/span><em style=\"color: var( --e-global-color-text ); font-size: 1rem;\">Credit Cards<\/em><span style=\"color: var( --e-global-color-text ); font-size: 1rem;\"> Accepted <\/span><img decoding=\"async\" class=\"alignnone size-full wp-image-63\" style=\"color: var( --e-global-color-text ); font-size: 1rem;\" src=\"https:\/\/asantelabs.com\/wp-content\/uploads\/2014\/10\/creditcardlogos.jpg\" alt=\"creditcardlogos\" width=\"200\" height=\"39\" \/><\/p>\n<p><!-- \/wp:paragraph --><!-- wp:paragraph --><!-- \/wp:paragraph --><!-- wp:paragraph --><\/p>\n<p style=\"text-align: left;\"><span style=\"color: #c33720;\"><strong>Check or Money Order:\u00a0 <\/strong><\/span>Make Payable to \u00e0Sant\u00e9 Labs \u2666 Mail to \u00e0Sant\u00e9 Labs, 19 Pine Lake, Hampton, Va., 23669<a id=\"online\"><\/a><\/p>\n<p><!-- \/wp:paragraph --><!-- wp:image {\"align\":\"left\",\"id\":210,\"className\":\"wp-image-210 size-full\"} --><\/p>\n<figure class=\"wp-block-image alignleft wp-image-210 size-full\"><img fetchpriority=\"high\" decoding=\"async\" width=\"183\" height=\"325\" class=\"wp-image-210\" src=\"https:\/\/asantelabs.com\/wp-content\/uploads\/2014\/10\/goldoil02.jpg\" alt=\"\u00e0Sant\u00e9 Gold hair and body\" \/>\n<figcaption class=\"wp-element-caption\">\u00e0Sant\u00e9 Gold Hair and Body $6.99<\/figcaption>\n<\/figure>\n<p><!-- \/wp:image --><!-- wp:image {\"align\":\"left\",\"id\":208,\"className\":\"wp-image-208 size-full\"} --><\/p>\n<figure class=\"wp-block-image alignleft wp-image-208 size-full\"><img decoding=\"async\" width=\"183\" height=\"325\" class=\"wp-image-208\" src=\"https:\/\/asantelabs.com\/wp-content\/uploads\/2014\/10\/smoil02.jpg\" alt=\"\u00e0Sant\u00e9 hair and body oil\" \/>\n<figcaption class=\"wp-element-caption\">\u00e0Sant\u00e9 2oz Hair and Body Oil $7.99<\/figcaption>\n<\/figure>\n<p><!-- \/wp:image --><!-- wp:image {\"align\":\"left\",\"id\":206,\"className\":\"wp-image-206 size-full\"} --><\/p>\n<figure class=\"wp-block-image alignleft wp-image-206 size-full\"><img loading=\"lazy\" decoding=\"async\" width=\"183\" height=\"325\" class=\"wp-image-206\" src=\"https:\/\/asantelabs.com\/wp-content\/uploads\/2014\/10\/mdlgoil02.jpg\" alt=\"\u00e0Sant\u00e9 hair and body oil\" \/>\n<figcaption class=\"wp-element-caption\">\u00e0Sant\u00e9 8oz Hair and Body Oil $23.99<br \/>16oz Hair and Body Oil $39.99\n<p>\u00a0<\/p>\n<\/figcaption>\n<\/figure>\n<p><!-- \/wp:image --><!-- wp:image {\"id\":209,\"lock\":{\"move\":true,\"remove\":true},\"className\":\"wp-image-209 size-full\"} --><\/p>\n<figure class=\"wp-block-image wp-image-209 size-full\"><img loading=\"lazy\" decoding=\"async\" width=\"183\" height=\"325\" class=\"wp-image-209 alignnone\" src=\"https:\/\/asantelabs.com\/wp-content\/uploads\/2014\/10\/massageoil021.jpg\" alt=\"\u00e0Sant\u00e9 massage oil\" \/>\n<figcaption class=\"wp-element-caption\">\n<p>\u00e0Sant\u00e9 Massage Oil $18.00\u00a0<\/p>\n<\/figcaption>\n<\/figure>\n<p><!-- \/wp:image --><\/p>\t\t\t\t\t\t\t\t<\/div>\n\t\t\t\t<\/div>\n\t\t\t\t<div class=\"elementor-element elementor-element-a71ecee elementor-widget elementor-widget-menu-anchor\" data-id=\"a71ecee\" data-element_type=\"widget\" data-e-type=\"widget\" data-widget_type=\"menu-anchor.default\">\n\t\t\t\t<div class=\"elementor-widget-container\">\n\t\t\t\t\t\t\t<div class=\"elementor-menu-anchor\" id=\"orderform\"><\/div>\n\t\t\t\t\t\t<\/div>\n\t\t\t\t<\/div>\n\t\t\t\t<div class=\"elementor-element elementor-element-46ca254 elementor-widget elementor-widget-text-editor\" data-id=\"46ca254\" data-element_type=\"widget\" data-e-type=\"widget\" data-widget_type=\"text-editor.default\">\n\t\t\t\t<div class=\"elementor-widget-container\">\n\t\t\t\t\t\t\t\t\t<h2 style=\"text-align: center;\"><span style=\"color: #c33720;\">\u00e0Sant\u00e9 Order\u00a0Form<\/span><\/h2>\n<p style=\"line-height: normal; text-align: center;\"><b><span style=\"font-size: 10.5pt; font-family: 'Times New Roman',serif; mso-fareast-font-family: 'Times New Roman'; color: #c33720;\">*<\/span><\/b><span style=\"color: #c33720; font-family: Times New Roman, serif;\"><span style=\"font-size: 14px;\"><b>Pricing listed below is available for online orders only.<\/b><\/span><\/span><\/p>\n<p style=\"line-height: normal; text-align: center;\"><strong>Online Order:\u00a0\u00a0<\/strong>Please fill out the \u00e0Sant\u00e9 Order Form below or contact an \u00e0Sant\u00e9 Labs representative at <a href=\"mailto:757.850.2935\">757.850.2935<\/a>\u00a0or by email at\u00a0<a href=\"mailto:kenrivas@asantelabs.com\">kenrivas@asantelabs.com\u00a0<\/a>After submitting the \u00e0Sant\u00e9 Order Form, you will be contacted to finalize the order and process the payment.<\/p>\t\t\t\t\t\t\t\t<\/div>\n\t\t\t\t<\/div>\n\t\t\t\t\t<\/div>\n\t\t<\/div>\n\t\t\t\t\t<\/div>\n\t\t<\/section>\n\t\t\t\t<section class=\"elementor-section elementor-top-section elementor-element elementor-element-b194d14 elementor-section-boxed elementor-section-height-default elementor-section-height-default\" data-id=\"b194d14\" data-element_type=\"section\" data-e-type=\"section\">\n\t\t\t\t\t\t<div class=\"elementor-container elementor-column-gap-default\">\n\t\t\t\t\t<div class=\"elementor-column elementor-col-100 elementor-top-column elementor-element elementor-element-3dea564\" data-id=\"3dea564\" data-element_type=\"column\" data-e-type=\"column\">\n\t\t\t<div class=\"elementor-widget-wrap elementor-element-populated\">\n\t\t\t\t\t\t<div class=\"elementor-element elementor-element-2f44211 elementor-widget elementor-widget-wpforms\" data-id=\"2f44211\" data-element_type=\"widget\" data-e-type=\"widget\" data-widget_type=\"wpforms.default\">\n\t\t\t\t<div class=\"elementor-widget-container\">\n\t\t\t\t\t<div class=\"wpforms-container wpforms-container-full wpforms-render-modern\" id=\"wpforms-329\"><form id=\"wpforms-form-329\" class=\"wpforms-validate wpforms-form wpforms-ajax-form\" data-formid=\"329\" method=\"post\" enctype=\"multipart\/form-data\" action=\"\/index.php?rest_route=%2Fwp%2Fv2%2Fpages%2F56\" data-token=\"63fccc8457021d77a5fd4ac21f09666b\" data-token-time=\"1776477332\"><div class=\"wpforms-head-container\"><div class=\"wpforms-title\">\u00e0Sant\u00e9 Order Form<\/div><div class=\"wpforms-description\">*Pricing listed below is available for online orders only.<\/div><\/div><noscript class=\"wpforms-error-noscript\">Please enable JavaScript in your browser to complete this form.<\/noscript><div id=\"wpforms-error-noscript\" style=\"display: none;\">Please enable JavaScript in your browser to complete this form.<\/div><div class=\"wpforms-field-container\"><div id=\"wpforms-329-field_72-container\" class=\"wpforms-field wpforms-field-payment-select wpforms-field-select-style-classic\" data-field-id=\"72\"><label class=\"wpforms-field-label\" for=\"wpforms-329-field_72\">1.25oz \u00e0Sant\u00e9 Gold Hair &amp; Body Oil $6.99<\/label><select id=\"wpforms-329-field_72\" class=\"wpforms-payment-price wpforms-field-medium\" name=\"wpforms[fields][72]\"><option value=\"7\" data-amount=\"0.00\" >0 - &#036;0.00<\/option><option value=\"1\" data-amount=\"6.99\" >1 - &#036;6.99<\/option><option value=\"2\" data-amount=\"13.98\" >2 - &#036;13.98<\/option><option value=\"3\" data-amount=\"20.97\" >3 - &#036;20.97<\/option><option value=\"4\" data-amount=\"27.96\" >4 - &#036;27.96<\/option><option value=\"6\" data-amount=\"34.95\" >5 - &#036;34.95<\/option><option value=\"5\" data-amount=\"41.94\" >6 - &#036;41.94<\/option><\/select><div id=\"wpforms-329-field_72-description\" class=\"wpforms-field-description\">Select the desired quantity (includes calculated price). <\/div><\/div><div id=\"wpforms-329-field_78-container\" class=\"wpforms-field wpforms-field-payment-select wpforms-field-select-style-classic\" data-field-id=\"78\"><label class=\"wpforms-field-label\" for=\"wpforms-329-field_78\">2oz \u00e0Sant\u00e9 Hair &amp; Body Oil $7.99<\/label><select id=\"wpforms-329-field_78\" class=\"wpforms-payment-price wpforms-field-medium\" name=\"wpforms[fields][78]\"><option value=\"7\" data-amount=\"0.00\" >0 - &#036;0.00<\/option><option value=\"1\" data-amount=\"7.99\" >1 - &#036;7.99<\/option><option value=\"2\" data-amount=\"15.98\" >2 - &#036;15.98<\/option><option value=\"3\" data-amount=\"23.97\" >3 - &#036;23.97<\/option><option value=\"4\" data-amount=\"31.96\" >4 - &#036;31.96<\/option><option value=\"6\" data-amount=\"39.95\" >5 - &#036;39.95<\/option><option value=\"5\" data-amount=\"47.94\" >6 - &#036;47.94<\/option><\/select><div id=\"wpforms-329-field_78-description\" class=\"wpforms-field-description\">Select the desired quantity (includes calculated price). <\/div><\/div><div id=\"wpforms-329-field_74-container\" class=\"wpforms-field wpforms-field-payment-select wpforms-field-select-style-classic\" data-field-id=\"74\"><label class=\"wpforms-field-label\" for=\"wpforms-329-field_74\">8oz \u00e0Sant\u00e9 Hair &amp; Body Oil $23.99<\/label><select id=\"wpforms-329-field_74\" class=\"wpforms-payment-price wpforms-field-medium\" name=\"wpforms[fields][74]\"><option value=\"7\" data-amount=\"0.00\" >0 - &#036;0.00<\/option><option value=\"1\" data-amount=\"23.99\" >1 - &#036;23.99<\/option><option value=\"2\" data-amount=\"47.98\" >2 - &#036;47.98<\/option><option value=\"3\" data-amount=\"71.97\" >3 - &#036;71.97<\/option><option value=\"4\" data-amount=\"95.96\" >4 - &#036;95.96<\/option><option value=\"6\" data-amount=\"119.95\" >5 - &#036;119.95<\/option><option value=\"5\" data-amount=\"143.94\" >6 - &#036;143.94<\/option><\/select><div id=\"wpforms-329-field_74-description\" class=\"wpforms-field-description\">Select the desired quantity (includes calculated price). <\/div><\/div><div id=\"wpforms-329-field_81-container\" class=\"wpforms-field wpforms-field-payment-select wpforms-field-select-style-classic\" data-field-id=\"81\"><label class=\"wpforms-field-label\" for=\"wpforms-329-field_81\">16oz \u00e0Sant\u00e9 Hair &amp; Body Oil $39.99<\/label><select id=\"wpforms-329-field_81\" class=\"wpforms-payment-price wpforms-field-medium\" name=\"wpforms[fields][81]\"><option value=\"7\" data-amount=\"0.00\" >0 - &#036;0.00<\/option><option value=\"1\" data-amount=\"39.99\" >1 - &#036;39.99<\/option><option value=\"2\" data-amount=\"79.98\" >2 - &#036;79.98<\/option><option value=\"3\" data-amount=\"119.97\" >3 - &#036;119.97<\/option><option value=\"4\" data-amount=\"159.96\" >4 - &#036;159.96<\/option><option value=\"6\" data-amount=\"199.95\" >5 - &#036;199.95<\/option><option value=\"5\" data-amount=\"239.94\" >6 - &#036;239.94<\/option><\/select><div id=\"wpforms-329-field_81-description\" class=\"wpforms-field-description\">Select the desired quantity (includes calculated price). <\/div><\/div><div id=\"wpforms-329-field_82-container\" class=\"wpforms-field wpforms-field-payment-select wpforms-field-select-style-classic\" data-field-id=\"82\"><label class=\"wpforms-field-label\" for=\"wpforms-329-field_82\">2oz \u00e0Sant\u00e9 Aromatherapy Energizing Massage Oil  $18.00<\/label><select id=\"wpforms-329-field_82\" class=\"wpforms-payment-price wpforms-field-medium\" name=\"wpforms[fields][82]\"><option value=\"7\" data-amount=\"0.00\" >0 - &#036;0.00<\/option><option value=\"1\" data-amount=\"18.00\" >1 - &#036;18.00<\/option><option value=\"2\" data-amount=\"24.00\" >2 - &#036;24.00<\/option><option value=\"3\" data-amount=\"36.00\" >3 - &#036;36.00<\/option><option value=\"4\" data-amount=\"48.00\" >4 - &#036;48.00<\/option><option value=\"6\" data-amount=\"60.00\" >5 - &#036;60.00<\/option><option value=\"5\" data-amount=\"72.00\" >6 - &#036;72.00<\/option><\/select><div id=\"wpforms-329-field_82-description\" class=\"wpforms-field-description\">Select the desired quantity (includes calculated price). <\/div><\/div><div id=\"wpforms-329-field_103-container\" class=\"wpforms-field wpforms-field-payment-select wpforms-field-select-style-classic\" data-field-id=\"103\"><label class=\"wpforms-field-label\" for=\"wpforms-329-field_103\">2oz \u00e0Sant\u00e9 Aromatherapy Sensual Massage Oil  $18.00 <\/label><select id=\"wpforms-329-field_103\" class=\"wpforms-payment-price wpforms-field-medium\" name=\"wpforms[fields][103]\"><option value=\"7\" data-amount=\"0.00\" >0 - &#036;0.00<\/option><option value=\"1\" data-amount=\"12.00\" >1 - &#036;12.00<\/option><option value=\"2\" data-amount=\"24.00\" >2 - &#036;24.00<\/option><option value=\"3\" data-amount=\"36.00\" >3 - &#036;36.00<\/option><option value=\"4\" data-amount=\"48.00\" >4 - &#036;48.00<\/option><option value=\"6\" data-amount=\"60.00\" >5 - &#036;60.00<\/option><option value=\"5\" data-amount=\"72.00\" >6 - &#036;72.00<\/option><\/select><div id=\"wpforms-329-field_103-description\" class=\"wpforms-field-description\">Select the desired quantity (includes calculated price). <\/div><\/div><div id=\"wpforms-329-field_102-container\" class=\"wpforms-field wpforms-field-payment-select wpforms-field-select-style-classic\" data-field-id=\"102\"><label class=\"wpforms-field-label\" for=\"wpforms-329-field_102\">2oz \u00e0Sant\u00e9 Aromatherapy Soothing &amp; Relaxing Massage Oil  $18.00 <\/label><select id=\"wpforms-329-field_102\" class=\"wpforms-payment-price wpforms-field-medium\" name=\"wpforms[fields][102]\"><option value=\"7\" data-amount=\"0.00\" >0 - &#036;0.00<\/option><option value=\"1\" data-amount=\"12.00\" >1 - &#036;12.00<\/option><option value=\"2\" data-amount=\"24.00\" >2 - &#036;24.00<\/option><option value=\"3\" data-amount=\"36.00\" >3 - &#036;36.00<\/option><option value=\"4\" data-amount=\"48.00\" >4 - &#036;48.00<\/option><option value=\"6\" data-amount=\"60.00\" >5 - &#036;60.00<\/option><option value=\"5\" data-amount=\"72.00\" >6 - &#036;72.00<\/option><\/select><div id=\"wpforms-329-field_102-description\" class=\"wpforms-field-description\">Select the desired quantity (includes calculated price). <\/div><\/div><div id=\"wpforms-329-field_75-container\" class=\"wpforms-field wpforms-field-payment-checkbox\" data-field-id=\"75\"><fieldset><legend class=\"wpforms-field-label\">Shipping* <\/legend><ul id=\"wpforms-329-field_75\"><li class=\"choice-3\"><input type=\"checkbox\" id=\"wpforms-329-field_75_3\" class=\"wpforms-payment-price\" data-amount=\"0.00\" name=\"wpforms[fields][75][]\" value=\"3\" aria-errormessage=\"wpforms-329-field_75_3-error\"  ><label class=\"wpforms-field-label-inline\" for=\"wpforms-329-field_75_3\">*Shipping costs will be calculated and added to your order.<\/label><\/li><\/ul><\/fieldset><\/div><div id=\"wpforms-329-field_99-container\" class=\"wpforms-field wpforms-field-payment-checkbox\" data-field-id=\"99\"><fieldset><legend class=\"wpforms-field-label\">Payment*<\/legend><ul id=\"wpforms-329-field_99\"><li class=\"choice-3\"><input type=\"checkbox\" id=\"wpforms-329-field_99_3\" class=\"wpforms-payment-price\" data-amount=\"7.95\" name=\"wpforms[fields][99][]\" value=\"3\" aria-errormessage=\"wpforms-329-field_99_3-error\"  ><label class=\"wpforms-field-label-inline\" for=\"wpforms-329-field_99_3\">*After submitting this form, an \u00e0Sant\u00e9 Labs representative will contact you with the total cost.<\/label><\/li><\/ul><\/fieldset><\/div><div id=\"wpforms-329-field_1-container\" class=\"wpforms-field wpforms-field-name\" data-field-id=\"1\"><fieldset><legend class=\"wpforms-field-label\">Name <span class=\"wpforms-required-label\" aria-hidden=\"true\">*<\/span><\/legend><div class=\"wpforms-field-row wpforms-field-medium\"><div class=\"wpforms-field-row-block wpforms-first wpforms-one-half\"><input type=\"text\" id=\"wpforms-329-field_1\" class=\"wpforms-field-name-first wpforms-field-required\" name=\"wpforms[fields][1][first]\" aria-errormessage=\"wpforms-329-field_1-error\" required><label for=\"wpforms-329-field_1\" class=\"wpforms-field-sublabel after\">First<\/label><\/div><div class=\"wpforms-field-row-block wpforms-one-half\"><input type=\"text\" id=\"wpforms-329-field_1-last\" class=\"wpforms-field-name-last wpforms-field-required\" name=\"wpforms[fields][1][last]\" aria-errormessage=\"wpforms-329-field_1-last-error\" required><label for=\"wpforms-329-field_1-last\" class=\"wpforms-field-sublabel after\">Last<\/label><\/div><\/div><\/fieldset><\/div><div id=\"wpforms-329-field_2-container\" class=\"wpforms-field wpforms-field-email\" data-field-id=\"2\"><label class=\"wpforms-field-label\" for=\"wpforms-329-field_2\">Email <span class=\"wpforms-required-label\" aria-hidden=\"true\">*<\/span><\/label><input type=\"email\" id=\"wpforms-329-field_2\" class=\"wpforms-field-medium wpforms-field-required\" name=\"wpforms[fields][2]\" spellcheck=\"false\" aria-errormessage=\"wpforms-329-field_2-error\" required><\/div><div id=\"wpforms-329-field_46-container\" class=\"wpforms-field wpforms-field-text\" data-field-id=\"46\"><label class=\"wpforms-field-label\" for=\"wpforms-329-field_46\">Phone Number <span class=\"wpforms-required-label\" aria-hidden=\"true\">*<\/span><\/label><input type=\"text\" id=\"wpforms-329-field_46\" class=\"wpforms-field-medium wpforms-field-required\" name=\"wpforms[fields][46]\" aria-errormessage=\"wpforms-329-field_46-error\" required><\/div><div id=\"wpforms-329-field_47-container\" class=\"wpforms-field wpforms-field-text\" data-field-id=\"47\"><label class=\"wpforms-field-label\" for=\"wpforms-329-field_47\">Shipping Address <span class=\"wpforms-required-label\" aria-hidden=\"true\">*<\/span><\/label><input type=\"text\" id=\"wpforms-329-field_47\" class=\"wpforms-field-medium wpforms-field-required\" name=\"wpforms[fields][47]\" placeholder=\"Address Line 1\" aria-errormessage=\"wpforms-329-field_47-error\" required><\/div><div id=\"wpforms-329-field_48-container\" class=\"wpforms-field wpforms-field-text\" data-field-id=\"48\"><label class=\"wpforms-field-label wpforms-label-hide\" for=\"wpforms-329-field_48\" aria-hidden=\"false\">Single Line Text<\/label><input type=\"text\" id=\"wpforms-329-field_48\" class=\"wpforms-field-medium\" name=\"wpforms[fields][48]\" placeholder=\"Address Line 2\" aria-errormessage=\"wpforms-329-field_48-error\" ><\/div><div id=\"wpforms-329-field_49-container\" class=\"wpforms-field wpforms-field-text\" data-field-id=\"49\"><label class=\"wpforms-field-label\" for=\"wpforms-329-field_49\">City <span class=\"wpforms-required-label\" aria-hidden=\"true\">*<\/span><\/label><input type=\"text\" id=\"wpforms-329-field_49\" class=\"wpforms-field-medium wpforms-field-required\" name=\"wpforms[fields][49]\" aria-errormessage=\"wpforms-329-field_49-error\" required><\/div><div id=\"wpforms-329-field_50-container\" class=\"wpforms-field wpforms-field-text\" data-field-id=\"50\"><label class=\"wpforms-field-label\" for=\"wpforms-329-field_50\">State \/ Province \/ Region <span class=\"wpforms-required-label\" aria-hidden=\"true\">*<\/span><\/label><input type=\"text\" id=\"wpforms-329-field_50\" class=\"wpforms-field-medium wpforms-field-required\" name=\"wpforms[fields][50]\" aria-errormessage=\"wpforms-329-field_50-error\" required><\/div><div id=\"wpforms-329-field_51-container\" class=\"wpforms-field wpforms-field-text\" data-field-id=\"51\"><label class=\"wpforms-field-label\" for=\"wpforms-329-field_51\">Postal Code <span class=\"wpforms-required-label\" aria-hidden=\"true\">*<\/span><\/label><input type=\"text\" id=\"wpforms-329-field_51\" class=\"wpforms-field-medium wpforms-field-required\" name=\"wpforms[fields][51]\" aria-errormessage=\"wpforms-329-field_51-error\" required><\/div><div id=\"wpforms-329-field_52-container\" class=\"wpforms-field wpforms-field-text\" data-field-id=\"52\"><label class=\"wpforms-field-label\" for=\"wpforms-329-field_52\">Country <span class=\"wpforms-required-label\" aria-hidden=\"true\">*<\/span><\/label><input type=\"text\" id=\"wpforms-329-field_52\" class=\"wpforms-field-medium wpforms-field-required\" name=\"wpforms[fields][52]\" aria-errormessage=\"wpforms-329-field_52-error\" required><\/div><div id=\"wpforms-329-field_26-container\" class=\"wpforms-field wpforms-field-checkbox\" data-field-id=\"26\"><fieldset><legend class=\"wpforms-field-label\">Confirmation <span class=\"wpforms-required-label\" aria-hidden=\"true\">*<\/span><\/legend><ul id=\"wpforms-329-field_26\" class=\"wpforms-field-required\"><li class=\"choice-2 depth-1\"><input type=\"checkbox\" id=\"wpforms-329-field_26_2\" name=\"wpforms[fields][26][]\" value=\"*I have read and agree to the shipping and payment terms listed above.\" aria-errormessage=\"wpforms-329-field_26_2-error\" required ><label class=\"wpforms-field-label-inline\" for=\"wpforms-329-field_26_2\">*I have read and agree to the shipping and payment terms listed above.<\/label><\/li><\/ul><\/fieldset><\/div><div id=\"wpforms-329-field_63-container\" class=\"wpforms-field wpforms-field-payment-total wpforms-field-medium\" data-field-id=\"63\"><label class=\"wpforms-field-label\">Total (-Shipping)*<\/label><div class=\"wpforms-payment-total\" style=\"\">&#036;0.00<\/div><input type=\"hidden\" id=\"wpforms-329-field_63\" class=\"wpforms-field-medium wpforms-payment-total\" name=\"wpforms[fields][63]\" value=\"0\" aria-describedby=\"wpforms-329-field_63-description\"><div id=\"wpforms-329-field_63-description\" class=\"wpforms-field-description\">*Total does not include shipping. <\/div><\/div><\/div><!-- .wpforms-field-container --><div class=\"wpforms-recaptcha-container wpforms-is-recaptcha wpforms-is-recaptcha-type-v2\" ><div class=\"g-recaptcha\" data-sitekey=\"6LeQQAUnAAAAAACoPyWy4V-U_ViBk4HT4J6tLXRB\"><\/div><input type=\"text\" name=\"g-recaptcha-hidden\" class=\"wpforms-recaptcha-hidden\" style=\"position:absolute!important;clip:rect(0,0,0,0)!important;height:1px!important;width:1px!important;border:0!important;overflow:hidden!important;padding:0!important;margin:0!important;\" data-rule-recaptcha=\"1\"><\/div><div class=\"wpforms-submit-container\" ><input type=\"hidden\" name=\"wpforms[id]\" value=\"329\"><input type=\"hidden\" name=\"page_title\" value=\"\"><input type=\"hidden\" name=\"page_url\" value=\"https:\/\/asantelabs.com\/index.php?rest_route=\/wp\/v2\/pages\/56\"><input type=\"hidden\" name=\"url_referer\" value=\"\"><button type=\"submit\" name=\"wpforms[submit]\" id=\"wpforms-submit-329\" class=\"wpforms-submit\" data-alt-text=\"Sending...\" data-submit-text=\"Submit\" aria-live=\"assertive\" value=\"wpforms-submit\">Submit<\/button><img loading=\"lazy\" decoding=\"async\" src=\"https:\/\/asantelabs.com\/wp-content\/plugins\/wpforms-lite\/assets\/images\/submit-spin.svg\" class=\"wpforms-submit-spinner\" style=\"display: none;\" width=\"26\" height=\"26\" alt=\"Loading\"><\/div><\/form><\/div>  <!-- .wpforms-container -->\t\t\t\t<\/div>\n\t\t\t\t<\/div>\n\t\t\t\t\t<\/div>\n\t\t<\/div>\n\t\t\t\t\t<\/div>\n\t\t<\/section>\n\t\t\t\t<\/div>\n\t\t","protected":false},"excerpt":{"rendered":"<p>Online Order:\u00a0 Please fill out the \u00e0Sant\u00e9 Order Form below or contact an \u00e0Sant\u00e9 Labs representative at 757.850.2935 or by email at kenrivas@asantelabs.com After submitting the \u00e0Sant\u00e9 Order Form, you will be contacted to finalize the order and process the payment. Local Distributor:\u00a0 Order from a Distributor in your area. Local Distributor retail pricing will [&hellip;]<\/p>\n","protected":false},"author":2,"featured_media":0,"parent":0,"menu_order":0,"comment_status":"closed","ping_status":"open","template":"","meta":{"footnotes":""},"class_list":["post-56","page","type-page","status-publish","hentry"],"_links":{"self":[{"href":"https:\/\/asantelabs.com\/index.php?rest_route=\/wp\/v2\/pages\/56","targetHints":{"allow":["GET"]}}],"collection":[{"href":"https:\/\/asantelabs.com\/index.php?rest_route=\/wp\/v2\/pages"}],"about":[{"href":"https:\/\/asantelabs.com\/index.php?rest_route=\/wp\/v2\/types\/page"}],"author":[{"embeddable":true,"href":"https:\/\/asantelabs.com\/index.php?rest_route=\/wp\/v2\/users\/2"}],"replies":[{"embeddable":true,"href":"https:\/\/asantelabs.com\/index.php?rest_route=%2Fwp%2Fv2%2Fcomments&post=56"}],"version-history":[{"count":176,"href":"https:\/\/asantelabs.com\/index.php?rest_route=\/wp\/v2\/pages\/56\/revisions"}],"predecessor-version":[{"id":861,"href":"https:\/\/asantelabs.com\/index.php?rest_route=\/wp\/v2\/pages\/56\/revisions\/861"}],"wp:attachment":[{"href":"https:\/\/asantelabs.com\/index.php?rest_route=%2Fwp%2Fv2%2Fmedia&parent=56"}],"curies":[{"name":"wp","href":"https:\/\/api.w.org\/{rel}","templated":true}]}}